{"id":9,"date":"2015-02-20T19:43:36","date_gmt":"2015-02-20T19:43:36","guid":{"rendered":"http:\/\/gestalt.uy\/?page_id=9"},"modified":"2026-02-20T01:20:07","modified_gmt":"2026-02-20T01:20:07","slug":"escuela-gestaltica-de-montevideo","status":"publish","type":"page","link":"https:\/\/gestalt.uy\/escuela-gestaltica-montevideo\/","title":{"rendered":"ESCUELA GEST\u00c1LTICA DE MONTEVIDEO | SOMOS PRESENCIA | GESTALT URUGUAY"},"content":{"rendered":"<!--themify_builder_content-->\n<div id=\"themify_builder_content-9\" data-postid=\"9\" class=\"themify_builder_content themify_builder_content-9 themify_builder tf_clear\">\n                    <div  data-css_id=\"9ywz489\" data-lazy=\"1\" class=\"module_row themify_builder_row fullwidth tb_9ywz489 tb_first tf_w\">\n                        <div class=\"row_inner col_align_top tb_col_count_2 tf_box tf_rel\">\n                        <div  data-lazy=\"1\" class=\"module_column tb-column col4-2 tb_rkw7489 first\">\n                    <!-- module image -->\n<div  class=\"module module-image tb_wqxk489 image-top   tf_mw\" data-lazy=\"1\">\n        <div class=\"image-wrap tf_rel tf_mw\">\n            <img loading=\"lazy\" decoding=\"async\" width=\"828\" height=\"881\" src=\"https:\/\/gestalt.uy\/escuela-gestaltica-montevideo\/wp-content\/uploads\/2026\/02\/Promo-formacio\u0301n-2026.png\" class=\"wp-post-image wp-image-3477\" title=\"Promo formacio\u0301n 2026\" alt=\"Promo formacio\u0301n 2026\" srcset=\"https:\/\/gestalt.uy\/escuela-gestaltica-montevideo\/wp-content\/uploads\/2026\/02\/Promo-formacio\u0301n-2026.png 828w, https:\/\/gestalt.uy\/escuela-gestaltica-montevideo\/wp-content\/uploads\/2026\/02\/Promo-formacio\u0301n-2026-282x300.png 282w, https:\/\/gestalt.uy\/escuela-gestaltica-montevideo\/wp-content\/uploads\/2026\/02\/Promo-formacio\u0301n-2026-768x817.png 768w\" sizes=\"auto, (max-width: 828px) 100vw, 828px\" \/>    \n        <\/div>\n    <!-- \/image-wrap -->\n    \n        <\/div>\n<!-- \/module image -->        <\/div>\n                    <div  data-lazy=\"1\" class=\"module_column tb-column col4-2 tb_t8i4489 last\">\n                    <!-- module text -->\n<div  class=\"module module-text tb_vgcd489   \" data-lazy=\"1\">\n        <div  class=\"tb_text_wrap\">\n        <h1>Cierre de inscripciones \u2013 \u00daltimos cupos<\/h1><p>Estamos transitando los \u00faltimos d\u00edas para que puedas sumarte a la 12\u00aa generaci\u00f3n de la Formaci\u00f3n en Terapia Gest\u00e1ltica.<\/p><p>Te proponemos un recorrido profundo de aprendizaje, crecimiento y transformaci\u00f3n.<\/p><p>\ud83d\udc9b Si sent\u00eds el llamado, este es el momento.<\/p><p>\u2728 Inscripciones abiertas por tiempo limitado.<\/p><p>\u2063<br \/>\u2733\ufe0f Reserv\u00e1 tu lugar en <strong>somospresencia@gmail.com<\/strong> o al <strong>091728546 <\/strong>\u2733\ufe0f<\/p>    <\/div>\n<\/div>\n<!-- \/module text --><!-- module buttons -->\n<div  class=\"module module-buttons tb_y9oc489 buttons-horizontal solid  \" data-lazy=\"1\">\n        <div class=\"module-buttons-item tf_in_flx\">\n                        <a href=\"https:\/\/gestalt.uy\/escuela-gestaltica-montevideo\/2025\/10\/18\/inscripciones-abiertas-formacion-en-terapia-gestaltica-2026\/\" class=\"ui builder_button tf_in_flx light-green\" >\n                                                M\u00e1s info                                        <\/a>\n                <\/div>\n            <\/div>\n<!-- \/module buttons -->\n        <\/div>\n                        <\/div>\n        <\/div>\n                        <div  data-css_id=\"fdhm038\" data-lazy=\"1\" class=\"module_row themify_builder_row fullwidth tb_fdhm038 tf_w\">\n                        <div class=\"row_inner col_align_top tb_col_count_2 tf_box tf_rel\">\n                        <div  data-lazy=\"1\" class=\"module_column tb-column col4-2 tb_5vs7322 first\">\n                    <!-- module image -->\n<div  class=\"module module-image tb_3ims114 image-top   tf_mw\" data-lazy=\"1\">\n        <div class=\"image-wrap tf_rel tf_mw\">\n            <img loading=\"lazy\" decoding=\"async\" width=\"1587\" height=\"1791\" src=\"https:\/\/gestalt.uy\/escuela-gestaltica-montevideo\/wp-content\/uploads\/2026\/02\/Afiche-EHSE-2026.png\" class=\"wp-post-image wp-image-3474\" title=\"Afiche EHSE 2026\" alt=\"Afiche EHSE 2026\" srcset=\"https:\/\/gestalt.uy\/escuela-gestaltica-montevideo\/wp-content\/uploads\/2026\/02\/Afiche-EHSE-2026.png 1587w, https:\/\/gestalt.uy\/escuela-gestaltica-montevideo\/wp-content\/uploads\/2026\/02\/Afiche-EHSE-2026-266x300.png 266w, https:\/\/gestalt.uy\/escuela-gestaltica-montevideo\/wp-content\/uploads\/2026\/02\/Afiche-EHSE-2026-907x1024.png 907w, https:\/\/gestalt.uy\/escuela-gestaltica-montevideo\/wp-content\/uploads\/2026\/02\/Afiche-EHSE-2026-768x867.png 768w, https:\/\/gestalt.uy\/escuela-gestaltica-montevideo\/wp-content\/uploads\/2026\/02\/Afiche-EHSE-2026-1361x1536.png 1361w\" sizes=\"auto, (max-width: 1587px) 100vw, 1587px\" \/>    \n        <\/div>\n    <!-- \/image-wrap -->\n    \n        <\/div>\n<!-- \/module image -->        <\/div>\n                    <div  data-lazy=\"1\" class=\"module_column tb-column col4-2 tb_2fqs003 last\">\n                    <!-- module text -->\n<div  class=\"module module-text tb_0zbd055   \" data-lazy=\"1\">\n        <div  class=\"tb_text_wrap\">\n        <h1>Diplomado Internacional en el Enfoque Hol\u00edstico de la Salud y Enfermedad<\/h1><p>Queridos todos:<br \/>Con gran alegr\u00eda anunciamos el inicio del Diplomado Internacional en el Enfoque Hol\u00edstico de la Salud y Enfermedad.<br \/>Por primera vez en Uruguay se abre esta formaci\u00f3n basada en el trabajo integrativo sobre la salud y enfermedad, creado por la Dra. Adriana \u00a8Nana\u00a8 Schnake (Chile 1927-2024), destacada Terapeuta y Maestra de Gestalt.<br \/>Con mas de 30 a\u00f1os de desarrollo, el EHSE revolucion\u00f3 a la Terapia Gest\u00e1ltica pues nos propuso una mirada total : \u00a8Si somos capaces de ver al otro como una persona, que est\u00e1 compartiendo un espacio y un tiempo con nosotros, que es un cuerpo para y ante nosotros, no un cuerpo para la enfermedad, es posible que se produzca un verdadero encuentro.\u00a8 <br \/>El Diplomado fue brindado por la Dra. Schnake en su centro de Anchimalen hasta su retiro y hoy contamos con su hija y coordinadora de este Diplomado, la Psicologa Mar\u00eda Jos\u00e9 Varas Schnake (Chile) para impartirlo. <br \/>Mar\u00eda Jos\u00e9 es Terapeuta Gestalt, colaboradora estrecha en el desarrollo de este enfoque y autora del libro \u00a8Gestalt, Cuerpo y Conciencia\u00a8, Ed. Dunken <br \/>Los invitamos a formar parte de esta visi\u00f3n <br \/>Ps. Mabel Garc\u00eda<\/p><p>\u2063<br \/>\u2733\ufe0f Reserv\u00e1 tu lugar en <strong>somospresencia@gmail.com<\/strong> o al <strong>091728546 <\/strong>\u2733\ufe0f<\/p>    <\/div>\n<\/div>\n<!-- \/module text --><!-- module buttons -->\n<div  class=\"module module-buttons tb_w4m4224 buttons-horizontal solid  \" data-lazy=\"1\">\n        <div class=\"module-buttons-item tf_in_flx\">\n                        <a href=\"https:\/\/gestalt.uy\/escuela-gestaltica-montevideo\/2025\/10\/18\/inscripciones-abiertas-formacion-en-terapia-gestaltica-2026\/\" class=\"ui builder_button tf_in_flx light-green\" >\n                                                M\u00e1s info                                        <\/a>\n                <\/div>\n            <\/div>\n<!-- \/module buttons -->\n        <\/div>\n                        <\/div>\n        <\/div>\n                        <div  data-lazy=\"1\" class=\"module_row themify_builder_row tb_zinv397 tf_w\">\n                        <div class=\"row_inner col_align_top tb_col_count_1 tf_box tf_rel\">\n                        <div  data-lazy=\"1\" class=\"module_column tb-column col-full tb_6p79042 first\">\n                    <!-- module text -->\n<div  class=\"module module-text tb_7eyv494   \" data-lazy=\"1\">\n        <div  class=\"tb_text_wrap\">\n        <h1>Escuela Gest\u00e1ltica de Montevideo<br>| <strong>SOMOS PRESENCIA |<\/strong><\/h1>\n<h2>Curso de especializaci\u00f3n para graduados: Formaci\u00f3n permanente en Gestalt<\/h2>\n<h3><strong>Objetivos:<\/strong><br>1 &#8211; Formar profesionales en el enfoque gest\u00e1ltico<br>2- Brindar herramientas te\u00f3ricas y t\u00e9cnicas para la psicolog\u00eda cl\u00ednica en gestalt.<\/h3>    <\/div>\n<\/div>\n<!-- \/module text --><!-- module text -->\n<div  class=\"module module-text tb_xmwk122   \" data-lazy=\"1\">\n        <div  class=\"tb_text_wrap\">\n        <p>Inspirados y guiados por nuestros maestros Fritz Perls, John Welwood y la Dra. Adriana Schnake, y acompa\u00f1ados\u00a0por Graciela Cohen y Silvia Salinas, nos hemos constituido como grupo de trabajo.\u00a0Nuestro prop\u00f3sito es difundir los principios gest\u00e1lticos, existenciales y humanistas, generando un \u00e1mbito de\u00a0intercambio, crecimiento y sanaci\u00f3n.\u00a0Es con mucho placer que los invitamos a compartir con nosotros un nuevo a\u00f1o de actividades y formaci\u00f3n.\u00a0Les damos la bienvenida y los esperamos con el cari\u00f1o de siempre.<\/p>    <\/div>\n<\/div>\n<!-- \/module text -->        <\/div>\n                        <\/div>\n        <\/div>\n                        <div  data-css_id=\"eaee770\" data-lazy=\"1\" class=\"module_row themify_builder_row fullwidth tb_eaee770 tf_w\">\n                        <div class=\"row_inner col_align_top tb_col_count_1 tf_box tf_rel\">\n                        <div  data-lazy=\"1\" class=\"module_column tb-column col-full tb_fxp2788 first\">\n                    <!-- module text -->\n<div  class=\"module module-text tb_h37x955   \" data-lazy=\"1\">\n        <div  class=\"tb_text_wrap\">\n        <p>RECORDAMOS A NANA<\/p>    <\/div>\n<\/div>\n<!-- \/module text --><!-- module gallery -->\n<div  class=\"module gallery module-gallery tb_q0rd28 layout-grid  \" data-lazy=\"1\">\n    <div class=\"module-gallery-grid\" style=\"--gald:4;--galt:4;--galm:4\">\n            <dl class=\"gallery-item\">\n            <dt class=\"gallery-icon\">\n            <a data-title=\"\" title=\"\" href=\"https:\/\/gestalt.uy\/escuela-gestaltica-montevideo\/wp-content\/uploads\/2025\/07\/Nana.jpeg\" data-rel=\"tb_q0rd28\" class=\"themify_lightbox\"><img loading=\"lazy\" decoding=\"async\" src=\"https:\/\/gestalt.uy\/escuela-gestaltica-montevideo\/wp-content\/uploads\/2025\/07\/Nana-300x200.jpeg\" width=\"300\" height=\"200\" class=\"wp-post-image wp-image-3305\" title=\"Nana\" alt=\"Nana\"><\/a>            <\/dt>\n                    <\/dl>\n            <dl class=\"gallery-item\">\n            <dt class=\"gallery-icon\">\n            <a data-title=\"\" title=\"\" href=\"https:\/\/gestalt.uy\/escuela-gestaltica-montevideo\/wp-content\/uploads\/2025\/07\/img2.jpeg\" data-rel=\"tb_q0rd28\" class=\"themify_lightbox\"><img loading=\"lazy\" decoding=\"async\" src=\"https:\/\/gestalt.uy\/escuela-gestaltica-montevideo\/wp-content\/uploads\/2025\/07\/img2-1024x768-300x200.jpeg\" width=\"300\" height=\"200\" class=\"wp-post-image wp-image-3304\" title=\"img2\" alt=\"img2\"><\/a>            <\/dt>\n                    <\/dl>\n            <dl class=\"gallery-item\">\n            <dt class=\"gallery-icon\">\n            <a data-title=\"\" title=\"\" href=\"https:\/\/gestalt.uy\/escuela-gestaltica-montevideo\/wp-content\/uploads\/2025\/07\/img1.jpeg\" data-rel=\"tb_q0rd28\" class=\"themify_lightbox\"><img loading=\"lazy\" decoding=\"async\" src=\"https:\/\/gestalt.uy\/escuela-gestaltica-montevideo\/wp-content\/uploads\/2025\/07\/img1-1024x768-300x200.jpeg\" width=\"300\" height=\"200\" class=\"wp-post-image wp-image-3303\" title=\"img1\" alt=\"img1\"><\/a>            <\/dt>\n                    <\/dl>\n    <\/div>\n<\/div>\n<!-- \/module gallery --><!-- module text -->\n<div  class=\"module module-text tb_9m58684   \" data-lazy=\"1\">\n        <div  class=\"tb_text_wrap\">\n        <p>A un a\u00f1o de la partida de nuestra amada Nana queremos recordar su enorme aporte a la Gestalt y al conocimiento. La Dra Adriana Schnake nos ha dejado una obra magn\u00edfica con su revolucionario Enfoque Holistico de la Salud y la Enfermedad conjugando la psicoterapia y la medicina. Una s\u00edntesis genial destinada a conectarnos con la capacidad autosanadora de nuestro organismo y con aspectos de nuestra personalidad, guiados por un \u00f3rgano que se ha hecho presente a trav\u00e9s de un s\u00edntoma o una enfermedad. Escuchar el cuerpo como mensajero es el enorme aporte de Nana y a lo que dedic\u00f3 su vida. Agradecemos haber podido conocer a esta maestra, ejemplo de vida y de honestidad que nos leg\u00f3 la Gestalt que hoy queremos compartir<\/p>\n    <\/div>\n<\/div>\n<!-- \/module text -->        <\/div>\n                        <\/div>\n        <\/div>\n                        <div  data-lazy=\"1\" class=\"module_row themify_builder_row tb_ssda209 tf_w\">\n                        <div class=\"row_inner col_align_top tb_col_count_2 tf_box tf_rel\">\n                        <div  data-lazy=\"1\" class=\"module_column tb-column col4-2 tb_5er0210 first\">\n                    <!-- module text -->\n<div  class=\"module module-text tb_vjnk121   \" data-lazy=\"1\">\n    <h3 class=\"module-title\">FRITZ PERLS<\/h3>    <div  class=\"tb_text_wrap\">\n        <p>Hoy 8 de julio recordamos la fecha de nacimiento de Fritz Perls.<br>Perls desarroll\u00f3 la corriente Gest\u00e1ltica en la d\u00e9cada de 1940 y 1950.<\/p>\n<p><br>Su enfoque ha aportado una gran ayuda en el camino de la psicoterapia; centr\u00e1ndose en la experiencia presente y en la toma de conciencia del momento actual aqu\u00ed y ahora.<\/p>\n<p><br>De esta forma acerc\u00f3 a las personas la ayuda de entenderse mejor a s\u00ed mismas y vivir de manera m\u00e1s plena, aut\u00e9ntica y responsable en sus acciones y sentimientos.<\/p>\n<p>\u00a0<\/p>\n<p><strong>Gracias Fritz por tanto<\/strong><\/p>    <\/div>\n<\/div>\n<!-- \/module text -->        <\/div>\n                    <div  data-lazy=\"1\" class=\"module_column tb-column col4-2 tb_gkp8354 last\">\n                    <!-- module image -->\n<div  class=\"module module-image tb_1mgf178 image-top   tf_mw\" data-lazy=\"1\">\n        <div class=\"image-wrap tf_rel tf_mw\">\n            <img loading=\"lazy\" decoding=\"async\" width=\"803\" height=\"1200\" src=\"https:\/\/gestalt.uy\/escuela-gestaltica-montevideo\/wp-content\/uploads\/2025\/07\/Fritz.jpg\" class=\"wp-post-image wp-image-3309\" title=\"Fritz\" alt=\"Fritz\" srcset=\"https:\/\/gestalt.uy\/escuela-gestaltica-montevideo\/wp-content\/uploads\/2025\/07\/Fritz.jpg 803w, https:\/\/gestalt.uy\/escuela-gestaltica-montevideo\/wp-content\/uploads\/2025\/07\/Fritz-201x300.jpg 201w, https:\/\/gestalt.uy\/escuela-gestaltica-montevideo\/wp-content\/uploads\/2025\/07\/Fritz-685x1024.jpg 685w, https:\/\/gestalt.uy\/escuela-gestaltica-montevideo\/wp-content\/uploads\/2025\/07\/Fritz-768x1148.jpg 768w\" sizes=\"auto, (max-width: 803px) 100vw, 803px\" \/>    \n        <\/div>\n    <!-- \/image-wrap -->\n    \n        <\/div>\n<!-- \/module image -->        <\/div>\n                        <\/div>\n        <\/div>\n        <\/div>\n<!--\/themify_builder_content-->","protected":false},"excerpt":{"rendered":"<p>\u00a1Contin\u00faan las inscripciones para la Formaci\u00f3n 2026! Siguen abiertas las inscripciones para la Formaci\u00f3n en Terapia Gestaltica.\u2063Nuestro prop\u00f3sito es seguir formando en el enfoque Gest\u00e1ltico, generando aprendizajes desde lo te\u00f3rico- vivencial y aportando recursos y herramientas para el abordaje cl\u00ednico.Por ello te invitamos a formar parte de la duod\u00e9cima generaci\u00f3n, que inicia en marzo del [&hellip;]<\/p>\n","protected":false},"author":1,"featured_media":0,"parent":0,"menu_order":0,"comment_status":"closed","ping_status":"closed","template":"","meta":{"footnotes":""},"class_list":["post-9","page","type-page","status-publish","hentry","has-post-title","has-post-date","has-post-category","has-post-tag","has-post-comment","has-post-author",""],"_links":{"self":[{"href":"https:\/\/gestalt.uy\/escuela-gestaltica-montevideo\/wp-json\/wp\/v2\/pages\/9","targetHints":{"allow":["GET"]}}],"collection":[{"href":"https:\/\/gestalt.uy\/escuela-gestaltica-montevideo\/wp-json\/wp\/v2\/pages"}],"about":[{"href":"https:\/\/gestalt.uy\/escuela-gestaltica-montevideo\/wp-json\/wp\/v2\/types\/page"}],"author":[{"embeddable":true,"href":"https:\/\/gestalt.uy\/escuela-gestaltica-montevideo\/wp-json\/wp\/v2\/users\/1"}],"replies":[{"embeddable":true,"href":"https:\/\/gestalt.uy\/escuela-gestaltica-montevideo\/wp-json\/wp\/v2\/comments?post=9"}],"version-history":[{"count":130,"href":"https:\/\/gestalt.uy\/escuela-gestaltica-montevideo\/wp-json\/wp\/v2\/pages\/9\/revisions"}],"predecessor-version":[{"id":3417,"href":"https:\/\/gestalt.uy\/escuela-gestaltica-montevideo\/wp-json\/wp\/v2\/pages\/9\/revisions\/3417"}],"wp:attachment":[{"href":"https:\/\/gestalt.uy\/escuela-gestaltica-montevideo\/wp-json\/wp\/v2\/media?parent=9"}],"curies":[{"name":"wp","href":"https:\/\/api.w.org\/{rel}","templated":true}]}}