{"id":6,"date":"2011-11-16T11:29:42","date_gmt":"2011-11-16T11:29:42","guid":{"rendered":"http:\/\/somospresencia.com\/somos\/?page_id=6"},"modified":"2025-05-22T08:31:48","modified_gmt":"2025-05-22T08:31:48","slug":"cursos","status":"publish","type":"page","link":"https:\/\/gestalt.uy\/escuela-gestaltica-montevideo\/cursos\/","title":{"rendered":"CURSOS"},"content":{"rendered":"<!--themify_builder_content-->\n<div id=\"themify_builder_content-6\" data-postid=\"6\" class=\"themify_builder_content themify_builder_content-6 themify_builder tf_clear\">\n                    <div  data-lazy=\"1\" class=\"module_row themify_builder_row tb_njvj700 tb_first tf_w\">\n                        <div class=\"row_inner col_align_top tb_col_count_1 tf_box tf_rel\">\n                        <div  data-lazy=\"1\" class=\"module_column tb-column col-full tb_1dxc027 first\">\n                    <!-- module post -->\n<div  class=\"module module-post tb_pzw9874 \">\n    <div  class=\"builder-posts-wrap loops-wrapper list-thumb-image tf_clear tf_clearfix\" data-lazy=\"1\">\n    <article id=\"post-3364\" class=\"post tf_clearfix post-3364 type-post status-publish format-standard has-post-thumbnail hentry category-actividades category-cursos has-post-title has-post-date has-post-category has-post-tag has-post-comment has-post-author \">\n\t    \n\t                <figure class=\"post-image tf_clearfix\">\n                                                            <a href=\"https:\/\/gestalt.uy\/escuela-gestaltica-montevideo\/2025\/10\/18\/inscripciones-abiertas-formacion-en-terapia-gestaltica-2026\/\">\n                                        <img loading=\"lazy\" decoding=\"async\" width=\"1587\" height=\"2082\" src=\"https:\/\/gestalt.uy\/escuela-gestaltica-montevideo\/wp-content\/uploads\/2025\/10\/Afiche-Formacio\u0301n-2026.jpg\" class=\"wp-post-image wp-image-3365\" title=\"Afiche Formacio\u0301n 2026\" alt=\"Afiche Formacio\u0301n 2026\" srcset=\"https:\/\/gestalt.uy\/escuela-gestaltica-montevideo\/wp-content\/uploads\/2025\/10\/Afiche-Formacio\u0301n-2026.jpg 1587w, https:\/\/gestalt.uy\/escuela-gestaltica-montevideo\/wp-content\/uploads\/2025\/10\/Afiche-Formacio\u0301n-2026-229x300.jpg 229w, https:\/\/gestalt.uy\/escuela-gestaltica-montevideo\/wp-content\/uploads\/2025\/10\/Afiche-Formacio\u0301n-2026-781x1024.jpg 781w, https:\/\/gestalt.uy\/escuela-gestaltica-montevideo\/wp-content\/uploads\/2025\/10\/Afiche-Formacio\u0301n-2026-768x1008.jpg 768w, https:\/\/gestalt.uy\/escuela-gestaltica-montevideo\/wp-content\/uploads\/2025\/10\/Afiche-Formacio\u0301n-2026-1171x1536.jpg 1171w, https:\/\/gestalt.uy\/escuela-gestaltica-montevideo\/wp-content\/uploads\/2025\/10\/Afiche-Formacio\u0301n-2026-1561x2048.jpg 1561w\" sizes=\"auto, (max-width: 1587px) 100vw, 1587px\" \/>                                                                    <\/a>\n                                                                <\/figure>\n                    \t<div class=\"post-content\">\n\t\t<div class=\"post-content-inner\">\n\n\t\t\t\t\t\t\t\t<div class=\"post-date-wrap post-date-inline\">\n\t\t<time class=\"post-date entry-date updated\" datetime=\"2025-10-18\">\n\t\t\t\t\t<span class=\"year\">octubre 18, 2025<\/span>\n\t\t\t\t<\/time>\n\t<\/div><!-- .post-date-wrap -->\n\t\t\t\t\n\t\t\t<h2 class=\"post-title entry-title\"><a href=\"https:\/\/gestalt.uy\/escuela-gestaltica-montevideo\/2025\/10\/18\/inscripciones-abiertas-formacion-en-terapia-gestaltica-2026\/\">Inscripciones abiertas: Formaci\u00f3n en Terapia Gest\u00e1ltica 2026<\/a><\/h2>\n\t\t\t\t\t\t\t<p class=\"post-meta entry-meta\">\n\t\t\t\t\t\t\t\t\t\t\t<span class=\"post-author\"><span class=\"author vcard\"><a class=\"url fn n\" href=\"https:\/\/gestalt.uy\/escuela-gestaltica-montevideo\/author\/somos\/\" rel=\"author\">somos<\/a><\/span><\/span>\n\t\t\t\t\t\n\t\t\t\t\t<span class=\"post-category\"><a href=\"https:\/\/gestalt.uy\/escuela-gestaltica-montevideo\/category\/actividades\/\" rel=\"tag\" class=\"term-actividades\">Actividades Anteriores<\/a><span class=\"separator\">, <\/span><a href=\"https:\/\/gestalt.uy\/escuela-gestaltica-montevideo\/category\/cursos\/\" rel=\"tag\" class=\"term-cursos\">Cursos<\/a><\/span>\n\t\t\t\t\t\t\t\t\t\t\t\t\t\t\t\t\n\t\t\t\t\t\t\t\t\t<\/p>\n\t\t\t\t<!-- \/post-meta -->\n\t\t\t\n\t\t\t\n\t\t\t        <div class=\"entry-content\">\n\n        \n            <p>Con mucha alegr\u00eda anunciamos la apertura del per\u00edodo de inscripciones para la 12\u00aa generaci\u00f3n de nuestra Formaci\u00f3n en Terapia Gest\u00e1ltica. En el 2025 ampliamos nuestros horizontes e incorporamos nuevos aprendizajes y docentes al ofrecer esta formaci\u00f3n de manera conjunta con el Centro Gest\u00e1ltico de Per\u00fa, con el prop\u00f3sito de abrir nuestras fronteras e integrar otras [&hellip;]<\/p>\n\n                \n                    <div class=\"more-link-wrap\"><a href=\"https:\/\/gestalt.uy\/escuela-gestaltica-montevideo\/2025\/10\/18\/inscripciones-abiertas-formacion-en-terapia-gestaltica-2026\/\" class=\"more-link\">Ver m\u00e1s<\/a><\/div>\n\n            \n            \n        <\/div><!-- \/.entry-content -->\n        \n\t\t<\/div>\n\t\t<!-- \/.post-content-inner -->\n\t<\/div>\n\t<!-- \/.post-content -->\n\t\n<\/article>\n<!-- \/.post -->\n    <\/div><!-- .builder-posts-wrap -->\n            <\/div>\n<!-- \/module post -->\n            <\/div>\n                        <\/div>\n        <\/div>\n        <\/div>\n<!--\/themify_builder_content-->","protected":false},"excerpt":{"rendered":"","protected":false},"author":1,"featured_media":0,"parent":0,"menu_order":3,"comment_status":"open","ping_status":"closed","template":"","meta":{"footnotes":""},"class_list":["post-6","page","type-page","status-publish","hentry","has-post-title","has-post-date","has-post-category","has-post-tag","has-post-comment","has-post-author",""],"_links":{"self":[{"href":"https:\/\/gestalt.uy\/escuela-gestaltica-montevideo\/wp-json\/wp\/v2\/pages\/6","targetHints":{"allow":["GET"]}}],"collection":[{"href":"https:\/\/gestalt.uy\/escuela-gestaltica-montevideo\/wp-json\/wp\/v2\/pages"}],"about":[{"href":"https:\/\/gestalt.uy\/escuela-gestaltica-montevideo\/wp-json\/wp\/v2\/types\/page"}],"author":[{"embeddable":true,"href":"https:\/\/gestalt.uy\/escuela-gestaltica-montevideo\/wp-json\/wp\/v2\/users\/1"}],"replies":[{"embeddable":true,"href":"https:\/\/gestalt.uy\/escuela-gestaltica-montevideo\/wp-json\/wp\/v2\/comments?post=6"}],"version-history":[{"count":7,"href":"https:\/\/gestalt.uy\/escuela-gestaltica-montevideo\/wp-json\/wp\/v2\/pages\/6\/revisions"}],"predecessor-version":[{"id":3266,"href":"https:\/\/gestalt.uy\/escuela-gestaltica-montevideo\/wp-json\/wp\/v2\/pages\/6\/revisions\/3266"}],"wp:attachment":[{"href":"https:\/\/gestalt.uy\/escuela-gestaltica-montevideo\/wp-json\/wp\/v2\/media?parent=6"}],"curies":[{"name":"wp","href":"https:\/\/api.w.org\/{rel}","templated":true}]}}