{"id":2865,"date":"2017-11-29T09:02:25","date_gmt":"2017-11-29T09:02:25","guid":{"rendered":"http:\/\/gestalt.uy\/escuela-gestaltica-montevideo\/?page_id=2865"},"modified":"2025-07-13T13:10:52","modified_gmt":"2025-07-13T13:10:52","slug":"servicio-social","status":"publish","type":"page","link":"https:\/\/gestalt.uy\/escuela-gestaltica-montevideo\/servicio-social\/","title":{"rendered":"Servicio Social"},"content":{"rendered":"<!--themify_builder_content-->\n<div id=\"themify_builder_content-2865\" data-postid=\"2865\" class=\"themify_builder_content themify_builder_content-2865 themify_builder tf_clear\">\n                    <div  data-lazy=\"1\" class=\"module_row themify_builder_row tb_2g46250 tb_first tf_w\">\n                        <div class=\"row_inner col_align_top tb_col_count_1 tf_box tf_rel\">\n                        <div  data-lazy=\"1\" class=\"module_column tb-column col-full tb_6z2i251 first\">\n                    <!-- module text -->\n<div  class=\"module module-text tb_0c7v956   \" data-lazy=\"1\">\n    <h3 class=\"module-title\">SERVICIO SOCIAL<\/h3>    <div  class=\"tb_text_wrap\">\n        <p>Un \u00e1rea de atenci\u00f3n psicol\u00f3gica con un arancel social reducido.<br>\u00bfQu\u00e9 es?<br>\u00bfA qui\u00e9nes apunta?<br>A aquellas personas que no accedan al pago del arancel estipulado para la cl\u00ednica.<br>\u00bfQui\u00e9nes somos?<br>Un equipo de Psicoterapeutas de orientaci\u00f3n gest\u00e1ltica, con especializaciones en diversas \u00e1reas: ni\u00f1os, adolescentes, adultos, parejas, orientaci\u00f3n vocacional, adicciones, etc.<br>\u00bfC\u00f3mo acceder?<br>Escribiendo a <a href=\"mailto:somospresencia@gmail.com\">somospresencia@gmail.com<\/a><\/p>    <\/div>\n<\/div>\n<!-- \/module text --><!-- module image -->\n<div  class=\"module module-image tb_fjcn563 image-top   tf_mw\" data-lazy=\"1\">\n        <div class=\"image-wrap tf_rel tf_mw\">\n            <img loading=\"lazy\" decoding=\"async\" width=\"1414\" height=\"2000\" src=\"https:\/\/gestalt.uy\/escuela-gestaltica-montevideo\/wp-content\/uploads\/2025\/07\/Servicio-social-flyer.jpg\" class=\"wp-post-image wp-image-3293\" title=\"Servicio social flyer\" alt=\"Servicio social flyer\" srcset=\"https:\/\/gestalt.uy\/escuela-gestaltica-montevideo\/wp-content\/uploads\/2025\/07\/Servicio-social-flyer.jpg 1414w, https:\/\/gestalt.uy\/escuela-gestaltica-montevideo\/wp-content\/uploads\/2025\/07\/Servicio-social-flyer-212x300.jpg 212w, https:\/\/gestalt.uy\/escuela-gestaltica-montevideo\/wp-content\/uploads\/2025\/07\/Servicio-social-flyer-724x1024.jpg 724w, https:\/\/gestalt.uy\/escuela-gestaltica-montevideo\/wp-content\/uploads\/2025\/07\/Servicio-social-flyer-768x1086.jpg 768w, https:\/\/gestalt.uy\/escuela-gestaltica-montevideo\/wp-content\/uploads\/2025\/07\/Servicio-social-flyer-1086x1536.jpg 1086w\" sizes=\"auto, (max-width: 1414px) 100vw, 1414px\" \/>    \n        <\/div>\n    <!-- \/image-wrap -->\n    \n        <\/div>\n<!-- \/module image -->        <\/div>\n                        <\/div>\n        <\/div>\n        <\/div>\n<!--\/themify_builder_content-->","protected":false},"excerpt":{"rendered":"<p>SERVICIO SOCIAL Un \u00e1rea de atenci\u00f3n psicol\u00f3gica con un arancel social reducido.\u00bfQu\u00e9 es?\u00bfA qui\u00e9nes apunta?A aquellas personas que no accedan al pago del arancel estipulado para la cl\u00ednica.\u00bfQui\u00e9nes somos?Un equipo de Psicoterapeutas de orientaci\u00f3n gest\u00e1ltica, con especializaciones en diversas \u00e1reas: ni\u00f1os, adolescentes, adultos, parejas, orientaci\u00f3n vocacional, adicciones, etc.\u00bfC\u00f3mo acceder?Escribiendo a somospresencia@gmail.com<\/p>\n","protected":false},"author":1,"featured_media":0,"parent":0,"menu_order":0,"comment_status":"closed","ping_status":"closed","template":"","meta":{"footnotes":""},"class_list":["post-2865","page","type-page","status-publish","hentry","has-post-title","has-post-date","has-post-category","has-post-tag","has-post-comment","has-post-author",""],"_links":{"self":[{"href":"https:\/\/gestalt.uy\/escuela-gestaltica-montevideo\/wp-json\/wp\/v2\/pages\/2865","targetHints":{"allow":["GET"]}}],"collection":[{"href":"https:\/\/gestalt.uy\/escuela-gestaltica-montevideo\/wp-json\/wp\/v2\/pages"}],"about":[{"href":"https:\/\/gestalt.uy\/escuela-gestaltica-montevideo\/wp-json\/wp\/v2\/types\/page"}],"author":[{"embeddable":true,"href":"https:\/\/gestalt.uy\/escuela-gestaltica-montevideo\/wp-json\/wp\/v2\/users\/1"}],"replies":[{"embeddable":true,"href":"https:\/\/gestalt.uy\/escuela-gestaltica-montevideo\/wp-json\/wp\/v2\/comments?post=2865"}],"version-history":[{"count":15,"href":"https:\/\/gestalt.uy\/escuela-gestaltica-montevideo\/wp-json\/wp\/v2\/pages\/2865\/revisions"}],"predecessor-version":[{"id":3295,"href":"https:\/\/gestalt.uy\/escuela-gestaltica-montevideo\/wp-json\/wp\/v2\/pages\/2865\/revisions\/3295"}],"wp:attachment":[{"href":"https:\/\/gestalt.uy\/escuela-gestaltica-montevideo\/wp-json\/wp\/v2\/media?parent=2865"}],"curies":[{"name":"wp","href":"https:\/\/api.w.org\/{rel}","templated":true}]}}