{"id":2354,"date":"2015-03-12T06:38:20","date_gmt":"2015-03-12T06:38:20","guid":{"rendered":"http:\/\/gestalt.uy\/?page_id=2354"},"modified":"2024-05-07T12:35:27","modified_gmt":"2024-05-07T12:35:27","slug":"docentes","status":"publish","type":"page","link":"https:\/\/gestalt.uy\/escuela-gestaltica-montevideo\/docentes\/","title":{"rendered":"Docentes"},"content":{"rendered":"<!--themify_builder_content-->\n<div id=\"themify_builder_content-2354\" data-postid=\"2354\" class=\"themify_builder_content themify_builder_content-2354 themify_builder tf_clear\">\n                    <div  data-lazy=\"1\" class=\"module_row themify_builder_row tb_ypvk437 tb_first tf_w\">\n                        <div class=\"row_inner col_align_top gutter-none tb_col_count_2 tf_box tf_rel\">\n                        <div  data-lazy=\"1\" class=\"module_column tb-column col4-2 tb_0bti088 first\">\n                    <!-- module image -->\n<div  class=\"module module-image tb_dl8h900 image-top   tf_mw\" data-lazy=\"1\">\n        <div class=\"image-wrap tf_rel tf_mw\">\n            <img loading=\"lazy\" decoding=\"async\" width=\"1200\" height=\"1800\" src=\"https:\/\/gestalt.uy\/escuela-gestaltica-montevideo\/wp-content\/uploads\/2023\/12\/PS-MABEL-GARCIA.jpg\" class=\"wp-post-image wp-image-3177\" title=\"PS-MABEL-GARCIA\" alt=\"PS-MABEL-GARCIA\" srcset=\"https:\/\/gestalt.uy\/escuela-gestaltica-montevideo\/wp-content\/uploads\/2023\/12\/PS-MABEL-GARCIA.jpg 1200w, https:\/\/gestalt.uy\/escuela-gestaltica-montevideo\/wp-content\/uploads\/2023\/12\/PS-MABEL-GARCIA-200x300.jpg 200w, https:\/\/gestalt.uy\/escuela-gestaltica-montevideo\/wp-content\/uploads\/2023\/12\/PS-MABEL-GARCIA-683x1024.jpg 683w, https:\/\/gestalt.uy\/escuela-gestaltica-montevideo\/wp-content\/uploads\/2023\/12\/PS-MABEL-GARCIA-768x1152.jpg 768w, https:\/\/gestalt.uy\/escuela-gestaltica-montevideo\/wp-content\/uploads\/2023\/12\/PS-MABEL-GARCIA-1024x1536.jpg 1024w\" sizes=\"auto, (max-width: 1200px) 100vw, 1200px\" \/>    \n        <\/div>\n    <!-- \/image-wrap -->\n    \n        <\/div>\n<!-- \/module image -->        <\/div>\n                    <div  data-lazy=\"1\" class=\"module_column tb-column col4-2 tb_fomm270 last\">\n                    <!-- module text -->\n<div  class=\"module module-text tb_6o64486   \" data-lazy=\"1\">\n    <h3 class=\"module-title\">Ps. MABEL GARC\u00cdA<\/h3>    <div  class=\"tb_text_wrap\">\n        <p>Psic\u00f3loga egresada de la Universidad de la Rep\u00fablica. Terapeuta gest\u00e1ltica postgraduada en el Centro Gest\u00e1ltico de Montevideo como terapeuta individual y de grupos. Postgraduada en el Centro Gest\u00e1ltico de San Isidro (Argentina) como terapeuta de parejas con la psic\u00f3loga Silvia Salinas. Formada en el Enfoque holistico de la salud y la enfermedad con la Dra. Adriana Schnake (Nana) en Chilo\u00e9 (Chile).<br><br><\/p>\n<p>Cofundadora de la \u201cCasa de Somos\u201d. Directora de la revista \u201cSomos\u201d (Revista de Psicolog\u00eda Gest\u00e1ltica). Ex docente de formaci\u00f3n en Gestalt del Centro Encuentro (centro de estudios gest\u00e1lticos), de la Unidad en Formaci\u00f3n Permanente para Graduados de la Facultad de Psicolog\u00eda de la Universidad de la Rep\u00fablica, del Centro Gest\u00e1ltico de Montevideo, y de la Facultad de Psicolog\u00eda de la Universidad Aut\u00f3noma del Norte. Docente ISEP Paysand\u00fa. Coordinadora de grupos de mujeres (Mujeres que corren con los lobos.).<br><br><\/p>\n<p>Directora del Centro Somos Presencia. Docente de formaci\u00f3n de terapeutas de parejas del Centro Somos Presencia. Docente Internacional, dicta cursos para terapeutas de Parejas en Per\u00fa, Espa\u00f1a y Argentina. Expositora en congresos internacionales de terapia gest\u00e1ltica. Presidenta del XII Congreso Internacional de Gestalt a realizado en Piri\u00e1polis-Uruguay del 5 al 8 de Mayo del 2011. Integrante del Comit\u00e9 Cient\u00edfico del XIII Congreso Internacional de Gestalt realizado en Cartagena de Indias-Colombia en mayo del 2013.<\/p>\n    <\/div>\n<\/div>\n<!-- \/module text -->        <\/div>\n                        <\/div>\n        <\/div>\n                        <div  data-lazy=\"1\" class=\"module_row themify_builder_row tb_p4am840 tf_w\">\n                        <div class=\"row_inner col_align_top tb_col_count_2 tf_box tf_rel\">\n                        <div  data-lazy=\"1\" class=\"module_column tb-column col4-2 tb_la4a514 first\">\n                    <!-- module image -->\n<div  class=\"module module-image tb_wimc386 image-top   tf_mw\" data-lazy=\"1\">\n        <div class=\"image-wrap tf_rel tf_mw\">\n            <img loading=\"lazy\" decoding=\"async\" width=\"150\" height=\"189\" src=\"https:\/\/gestalt.uy\/escuela-gestaltica-montevideo\/wp-content\/uploads\/2017\/10\/rosana-perata.jpg\" class=\"wp-post-image wp-image-2630\" title=\"rosana-perata\" alt=\"rosana-perata\">    \n        <\/div>\n    <!-- \/image-wrap -->\n    \n        <\/div>\n<!-- \/module image -->        <\/div>\n                    <div  data-lazy=\"1\" class=\"module_column tb-column col4-2 tb_r90y98 last\">\n                    <!-- module text -->\n<div  class=\"module module-text tb_yng3040   \" data-lazy=\"1\">\n    <h3 class=\"module-title\">Ps. ROSANA PERATA<\/h3>    <div  class=\"tb_text_wrap\">\n        <p>Nacida en Montevideo en 1962 egresada en 1989 de la Facultad de Psicolog\u00eda de la Universidad de la Rep\u00fablica (Udelar). Desde el a\u00f1o 1990 se desempe\u00f1a como Psic\u00f3loga Cl\u00ednica. Ha realizado Tecnicaturas y Seminarios varios entre los cuales se encuentran la Tecnicatura en la Escuela de Tecnolog\u00eda M\u00e9dica en Psicolog\u00eda Infantil; el Seminario de formaci\u00f3n en la Escuela Freudiana de Montevideo; el curso de Psicopatolog\u00eda Din\u00e1mica con el Psic. Jorge Rivero; y el Estudio sobre Klein con la Psic. Liliana Guerrero.<br><br><\/p>\n<p>Ha realizado varios post-grados en el Centro Gest\u00e1ltico de Montevideo, entre los cuales se encuentran: Psicoterapia cl\u00ednica del adulto; Psicoterapia de ni\u00f1os, adolescentes y familia; Psicoterapia de Grupos y Parejas.<br><br><\/p>\n<p>Ex docente en la Facultad de Psicolog\u00eda y en el Centro Gest\u00e1ltico de Montevideo. Entre otras actividades, integr\u00f3 el grupo de Creaci\u00f3n, fue Docente del Seminario \u201cLas Diosas de Cada Mujer y los Dioses de Cada Hombre\u201d y realiz\u00f3 una investigaci\u00f3n profunda respecto a los diferentes arquetipos de dichos Dioses.<br><br><\/p>\n<p>Fue invitada en calidad de Expositora al Congreso Internacional de Gestalt en Uruguay y ha sido Pisc\u00f3loga Pasante en Psicopatolog\u00eda en el Hospital Musto y Psic\u00f3loga en Psicolog\u00eda M\u00e9dica con el Dr. Ruben Cesarco en el Hospital Maciel.<\/p>\n    <\/div>\n<\/div>\n<!-- \/module text -->        <\/div>\n                        <\/div>\n        <\/div>\n                        <div  data-lazy=\"1\" class=\"module_row themify_builder_row tb_ypay800 tf_w\">\n                        <div class=\"row_inner col_align_top tb_col_count_2 tf_box tf_rel\">\n                        <div  data-lazy=\"1\" class=\"module_column tb-column col4-2 tb_8qch750 first\">\n                    <!-- module image -->\n<div  class=\"module module-image tb_ut6b582 image-top   tf_mw\" data-lazy=\"1\">\n        <div class=\"image-wrap tf_rel tf_mw\">\n            <img loading=\"lazy\" decoding=\"async\" width=\"150\" height=\"189\" src=\"https:\/\/gestalt.uy\/escuela-gestaltica-montevideo\/wp-content\/uploads\/2017\/10\/rosario-montero.jpg\" class=\"wp-post-image wp-image-2631\" title=\"rosario-montero\" alt=\"rosario-montero\">    \n        <\/div>\n    <!-- \/image-wrap -->\n    \n        <\/div>\n<!-- \/module image -->        <\/div>\n                    <div  data-lazy=\"1\" class=\"module_column tb-column col4-2 tb_nhtr573 last\">\n                    <!-- module text -->\n<div  class=\"module module-text tb_xnhn804   \" data-lazy=\"1\">\n    <h3 class=\"module-title\">Ps. ROSARIO MONTERO<\/h3>    <div  class=\"tb_text_wrap\">\n        <p>Licenciada en Psicolog\u00eda por la UDELAR. Postgraduada en el Centro Gest\u00e1ltico de Montevideo como terapeuta individual de Adultos y terapeuta de Parejas por el Centro Gest\u00e1ltico de San Isidro. Cofundadora de la Casa de Somos. Miembro del consejo editor de la revista Somos (1997-2006).<br><br><\/p>\n<p>Especializada en Trastornos de Ansiedad: Nuevas Estrategias Cl\u00ednicas para el Abordaje de los S\u00edntomas Contempor\u00e1neos por el Taller de Estudios y An\u00e1lisis Bioenerg\u00e9tico. Maestra de Reiki. Co-coordinadora de grupos de mujeres y talleres de comunicaci\u00f3n. Co &#8211; dirige el Centro Somos Chan\u00e1 desde al a\u00f1o 2005. Docente de formaci\u00f3n de terapeutas de parejas del Centro Somos Presencia.<\/p>\n    <\/div>\n<\/div>\n<!-- \/module text -->        <\/div>\n                        <\/div>\n        <\/div>\n                        <div  data-lazy=\"1\" class=\"module_row themify_builder_row tb_b0db756 tf_w\">\n                        <div class=\"row_inner col_align_top tb_col_count_2 tf_box tf_rel\">\n                        <div  data-lazy=\"1\" class=\"module_column tb-column col4-2 tb_uivu756 first\">\n                    <!-- module image -->\n<div  class=\"module module-image tb_mct6756 image-top   tf_mw\" data-lazy=\"1\">\n        <div class=\"image-wrap tf_rel tf_mw\">\n            <img loading=\"lazy\" decoding=\"async\" width=\"1080\" height=\"785\" src=\"https:\/\/gestalt.uy\/escuela-gestaltica-montevideo\/wp-content\/uploads\/2024\/05\/Cecilia-Uscudun.jpg\" class=\"wp-post-image wp-image-3238\" title=\"Cecilia Uscudun\" alt=\"Cecilia Uscudun\" srcset=\"https:\/\/gestalt.uy\/escuela-gestaltica-montevideo\/wp-content\/uploads\/2024\/05\/Cecilia-Uscudun.jpg 1080w, https:\/\/gestalt.uy\/escuela-gestaltica-montevideo\/wp-content\/uploads\/2024\/05\/Cecilia-Uscudun-300x218.jpg 300w, https:\/\/gestalt.uy\/escuela-gestaltica-montevideo\/wp-content\/uploads\/2024\/05\/Cecilia-Uscudun-1024x744.jpg 1024w, https:\/\/gestalt.uy\/escuela-gestaltica-montevideo\/wp-content\/uploads\/2024\/05\/Cecilia-Uscudun-768x558.jpg 768w\" sizes=\"auto, (max-width: 1080px) 100vw, 1080px\" \/>    \n        <\/div>\n    <!-- \/image-wrap -->\n    \n        <\/div>\n<!-- \/module image -->        <\/div>\n                    <div  data-lazy=\"1\" class=\"module_column tb-column col4-2 tb_eam6756 last\">\n                    <!-- module text -->\n<div  class=\"module module-text tb_2dsa756   \" data-lazy=\"1\">\n    <h3 class=\"module-title\">Cecilia Uscudun<\/h3>    <div  class=\"tb_text_wrap\">\n        <p>Licenciada en Psicolog\u00eda, egresada de la UDELAR. Postgraduada en Psicolog\u00eda Educacional en la UCU; y en Terapia Gest\u00e1ltica, tanto individual como de sistemas vinculares, en la Escuela Gest\u00e1ltica Somos Presencia. Ejerce como Psic\u00f3loga Educacional en diferentes instituciones educativas de Montevideo. Coordin\u00f3 el curso introductorio Gestalt: Un universo de posibilidades (2020) y actualmente coordina el servicio social de la casa.<\/p>\n    <\/div>\n<\/div>\n<!-- \/module text -->        <\/div>\n                        <\/div>\n        <\/div>\n        <\/div>\n<!--\/themify_builder_content-->","protected":false},"excerpt":{"rendered":"<p>Ps. MABEL GARC\u00cdA Psic\u00f3loga egresada de la Universidad de la Rep\u00fablica. Terapeuta gest\u00e1ltica postgraduada en el Centro Gest\u00e1ltico de Montevideo como terapeuta individual y de grupos. Postgraduada en el Centro Gest\u00e1ltico de San Isidro (Argentina) como terapeuta de parejas con la psic\u00f3loga Silvia Salinas. Formada en el Enfoque holistico de la salud y la enfermedad [&hellip;]<\/p>\n","protected":false},"author":1,"featured_media":0,"parent":0,"menu_order":0,"comment_status":"closed","ping_status":"closed","template":"","meta":{"footnotes":""},"class_list":["post-2354","page","type-page","status-publish","hentry","has-post-title","has-post-date","has-post-category","has-post-tag","has-post-comment","has-post-author",""],"_links":{"self":[{"href":"https:\/\/gestalt.uy\/escuela-gestaltica-montevideo\/wp-json\/wp\/v2\/pages\/2354","targetHints":{"allow":["GET"]}}],"collection":[{"href":"https:\/\/gestalt.uy\/escuela-gestaltica-montevideo\/wp-json\/wp\/v2\/pages"}],"about":[{"href":"https:\/\/gestalt.uy\/escuela-gestaltica-montevideo\/wp-json\/wp\/v2\/types\/page"}],"author":[{"embeddable":true,"href":"https:\/\/gestalt.uy\/escuela-gestaltica-montevideo\/wp-json\/wp\/v2\/users\/1"}],"replies":[{"embeddable":true,"href":"https:\/\/gestalt.uy\/escuela-gestaltica-montevideo\/wp-json\/wp\/v2\/comments?post=2354"}],"version-history":[{"count":20,"href":"https:\/\/gestalt.uy\/escuela-gestaltica-montevideo\/wp-json\/wp\/v2\/pages\/2354\/revisions"}],"predecessor-version":[{"id":3239,"href":"https:\/\/gestalt.uy\/escuela-gestaltica-montevideo\/wp-json\/wp\/v2\/pages\/2354\/revisions\/3239"}],"wp:attachment":[{"href":"https:\/\/gestalt.uy\/escuela-gestaltica-montevideo\/wp-json\/wp\/v2\/media?parent=2354"}],"curies":[{"name":"wp","href":"https:\/\/api.w.org\/{rel}","templated":true}]}}